{"id":82,"date":"2019-05-20T12:10:25","date_gmt":"2019-05-20T15:10:25","guid":{"rendered":"https:\/\/portalvagas.com\/app\/?page_id=82"},"modified":"2019-05-30T00:30:51","modified_gmt":"2019-05-30T03:30:51","slug":"enviar-vagas","status":"publish","type":"page","link":"https:\/\/portalvagas.com\/app\/enviar-vagas\/","title":{"rendered":"Quer divulgar a vaga de Emprego da sua Empresa aqui?"},"content":{"rendered":"<blockquote><p>Para nos enviar vagas basta enviar um e-mail com a descri\u00e7\u00e3o completa da vaga para <strong>vagas@portalvagas.com<\/strong><\/p><\/blockquote>\n<h2>A Divulga\u00e7\u00e3o da vaga de emprego \u00e9 Gratuita!<\/h2>\n<p>&nbsp;<\/p>\n","protected":false},"excerpt":{"rendered":"<p>Para nos enviar vagas basta enviar um e-mail com a descri\u00e7\u00e3o completa da vaga para vagas@portalvagas.com A Divulga\u00e7\u00e3o da vaga de emprego \u00e9 Gratuita! &nbsp;<\/p>\n","protected":false},"author":1,"featured_media":142,"parent":0,"menu_order":0,"comment_status":"closed","ping_status":"closed","template":"","meta":{"footnotes":""},"class_list":["post-82","page","type-page","status-publish","has-post-thumbnail","hentry"],"_links":{"self":[{"href":"https:\/\/portalvagas.com\/app\/wp-json\/wp\/v2\/pages\/82","targetHints":{"allow":["GET"]}}],"collection":[{"href":"https:\/\/portalvagas.com\/app\/wp-json\/wp\/v2\/pages"}],"about":[{"href":"https:\/\/portalvagas.com\/app\/wp-json\/wp\/v2\/types\/page"}],"author":[{"embeddable":true,"href":"https:\/\/portalvagas.com\/app\/wp-json\/wp\/v2\/users\/1"}],"replies":[{"embeddable":true,"href":"https:\/\/portalvagas.com\/app\/wp-json\/wp\/v2\/comments?post=82"}],"version-history":[{"count":9,"href":"https:\/\/portalvagas.com\/app\/wp-json\/wp\/v2\/pages\/82\/revisions"}],"predecessor-version":[{"id":198,"href":"https:\/\/portalvagas.com\/app\/wp-json\/wp\/v2\/pages\/82\/revisions\/198"}],"wp:featuredmedia":[{"embeddable":true,"href":"https:\/\/portalvagas.com\/app\/wp-json\/wp\/v2\/media\/142"}],"wp:attachment":[{"href":"https:\/\/portalvagas.com\/app\/wp-json\/wp\/v2\/media?parent=82"}],"curies":[{"name":"wp","href":"https:\/\/api.w.org\/{rel}","templated":true}]}}